{"id":520,"date":"2021-02-26T06:26:08","date_gmt":"2021-02-26T11:26:08","guid":{"rendered":"https:\/\/jonathanjuliandiaz.com\/?page_id=520"},"modified":"2025-07-20T18:19:41","modified_gmt":"2025-07-20T23:19:41","slug":"home","status":"publish","type":"page","link":"https:\/\/jonathanjuliandiaz.com\/","title":{"rendered":"Home"},"content":{"rendered":"<!-- wp:themify-builder\/canvas \/-->","protected":false},"excerpt":{"rendered":"","protected":false},"author":1,"featured_media":0,"parent":0,"menu_order":0,"comment_status":"closed","ping_status":"closed","template":"","meta":{"_monsterinsights_skip_tracking":false,"_monsterinsights_sitenote_active":false,"_monsterinsights_sitenote_note":"","_monsterinsights_sitenote_category":0,"footnotes":""},"class_list":["post-520","page","type-page","status-publish","hentry","has-post-title","has-post-date","has-post-category","has-post-tag","has-post-comment","has-post-author",""],"aioseo_notices":[],"builder_content":"<h1>Jonathan Julian Diaz<\/h1>\n<p>Mentor, Conferencista &amp; Networker Internacional <br data-start=\"344\" data-end=\"347\"> +10 a\u00f1os de experiencia transformando vidas<\/p>\n<a href=\"https:\/\/themify.org\/\" target=\"_blank\" rel=\"noopener\"> M\u00e1s sobre mi <\/a>\n<img src=\"http:\/\/jonathanjuliandiaz.com\/wp-content\/uploads\/2025\/07\/1.png\" width=\"690\" height=\"498\" title=\"Home\" alt=\"Home\">\n<h2>SOBRE M\u00cd<\/h2> <p>Soy Jonathan Juli\u00e1n D\u00edaz, tengo m\u00e1s de 20 a\u00f1os en la industria del Network Marketing. <br><br>Comenc\u00e9 con el sue\u00f1o de lograr la libertad para m\u00ed y mi familia. Hoy l\u00edderes equipos internacionales, ayudando a miles de personas a construir negocios s\u00f3lidos y transformar sus vidas financieras.<\/p> <p>Mi prop\u00f3sito es inspirar, formar y acompa\u00f1ar a quienes desean crecer personal y econ\u00f3micamente, construyendo redes que generen libertad real.<\/p>\n<h2>MISI\u00d3N<\/h2> <p>Mi visi\u00f3n es ser un l\u00edder de referencia en el \u00e1mbito del marketing multinivel, empoderando a millas de personas a alcanzar su potencial m\u00e1ximo y logrando la libertad financiera a trav\u00e9s de estrategias probadas y un enfoque \u00e9tico en los negocios.<br><br><strong data-start=\"413\" data-end=\"457\">Transformar vidas a trav\u00e9s del liderazgo<\/strong><br data-start=\"457\" data-end=\"460\">Mi prop\u00f3sito es ayudar a las personas a encontrar su voz dentro del mundo del emprendimiento. No solo se trata de generar ingresos, sino de construir una comunidad s\u00f3lida que valore el crecimiento personal y el apoyo mutuo. Creo firmemente que el \u00e9xito es el resultado de un trabajo constante, una mentalidad positiva y el aprendizaje continuo.<br><br><\/p>\n<img src=\"http:\/\/jonathanjuliandiaz.com\/wp-content\/uploads\/2025\/07\/fotovision.png\" width=\"690\" height=\"498\" title=\"Home\" alt=\"Home\">\n<h2>Diamante Imperial One More<\/h2>\n<p>En tan solo 10 meses dentro de One More International, hemos alcanzado un hito sin precedentes al convertirnos en <strong data-start=\"294\" data-end=\"318\">Diamantes Imperiales<\/strong> , el rango m\u00e1s alto de toda Latinoam\u00e9rica, la Uni\u00f3n Europea y los Estados Unidos.<\/p>\n<a href=\"https:\/\/api.whatsapp.com\/send?phone=14252323129&#038;text=Me%20interesa%20conocer%20tu%20propuesta\" target=\"_blank\" rel=\"noopener\"> Unete a mi equipo <\/a>\n<h2>Blog<\/h2>\n<p>Error: No data found, Try connecting an account first and make sure you have posts on your account. <p>Error: Error validating access token: Session has expired on Monday, 15-Sep-25 10:36:56 PDT. The current time is Saturday, 18-Apr-26 02:01:27 PDT. <\/p>\n<h2>Sigueme en mis redes<\/h2>\n<a href=\"https:\/\/api.whatsapp.com\/send?phone=14252323129&#038;text=Hola%20Jonathan%20me%20interesa%20conocer%20tu%20proyecto\" > <img src=\"data:image\/svg+xml;charset=UTF-8,%3Csvg%20xmlns%3D%27http%3A%2F%2Fwww.w3.org%2F2000%2Fsvg%27%20width%3D%27265%27%20height%3D%27100%27%20fill%3D%27rgba%28255%2C255%2C255%2C.2%29%27%3E%3Crect%20width%3D%27100%25%27%20height%3D%27100%25%27%2F%3E%3C%2Fsvg%3E\" loading=\"lazy\" data-lazy=\"1\" decoding=\"async\" data-tf-src=\"http:\/\/jonathanjuliandiaz.com\/wp-content\/uploads\/2025\/07\/whatsapp.png\" width=\"265\" height=\"100\" title=\"Home\" alt=\"Home\"><noscript><img data-tf-not-load data-no-script src=\"http:\/\/jonathanjuliandiaz.com\/wp-content\/uploads\/2025\/07\/whatsapp.png\" width=\"265\" height=\"100\" title=\"Home\" alt=\"Home\"><\/noscript> <\/a> <a href=\"https:\/\/www.youtube.com\/jonathanjuliandiaz\" > <img src=\"data:image\/svg+xml;charset=UTF-8,%3Csvg%20xmlns%3D%22http%3A%2F%2Fwww.w3.org%2F2000%2Fsvg%22%20width%3D%22265%22%20height%3D%22100%22%3E%3Cg%20fill%3D%22%23000000%22%3E%3Crect%20width%3D%2266%22%20height%3D%2220%22%2F%3E%3Crect%20width%3D%2266%22%20height%3D%2220%22%20x%3D%2266%22%2F%3E%3Crect%20width%3D%2266%22%20height%3D%2220%22%20x%3D%22132%22%2F%3E%3Crect%20width%3D%2266%22%20height%3D%2220%22%20fill%3D%22%23848484%22%20x%3D%22198%22%2F%3E%3Crect%20width%3D%2266%22%20height%3D%2220%22%20y%3D%2220%22%2F%3E%3Crect%20width%3D%2266%22%20height%3D%2220%22%20x%3D%2266%22%20y%3D%2220%22%2F%3E%3Crect%20width%3D%2266%22%20height%3D%2220%22%20x%3D%22132%22%20y%3D%2220%22%2F%3E%3Crect%20width%3D%2266%22%20height%3D%2220%22%20fill%3D%22%23ffffff%22%20x%3D%22198%22%20y%3D%2220%22%2F%3E%3Crect%20width%3D%2266%22%20height%3D%2220%22%20fill%3D%22%231c1c1c%22%20y%3D%2240%22%2F%3E%3Crect%20width%3D%2266%22%20height%3D%2220%22%20x%3D%2266%22%20y%3D%2240%22%2F%3E%3Crect%20width%3D%2266%22%20height%3D%2220%22%20x%3D%22132%22%20y%3D%2240%22%2F%3E%3Crect%20width%3D%2266%22%20height%3D%2220%22%20fill%3D%22%237e7e7e%22%20x%3D%22198%22%20y%3D%2240%22%2F%3E%3Crect%20width%3D%2266%22%20height%3D%2220%22%20fill%3D%22%23181818%22%20y%3D%2260%22%2F%3E%3Crect%20width%3D%2266%22%20height%3D%2220%22%20fill%3D%22%23979797%22%20x%3D%2266%22%20y%3D%2260%22%2F%3E%3Crect%20width%3D%2266%22%20height%3D%2220%22%20fill%3D%22%23181818%22%20x%3D%22132%22%20y%3D%2260%22%2F%3E%3Crect%20width%3D%2266%22%20height%3D%2220%22%20fill%3D%22%237e7e7e%22%20x%3D%22198%22%20y%3D%2260%22%2F%3E%3Crect%20width%3D%2266%22%20height%3D%2220%22%20fill%3D%22%230c0c0c%22%20y%3D%2280%22%2F%3E%3Crect%20width%3D%2266%22%20height%3D%2220%22%20x%3D%2266%22%20y%3D%2280%22%2F%3E%3Crect%20width%3D%2266%22%20height%3D%2220%22%20fill%3D%22%23131313%22%20x%3D%22132%22%20y%3D%2280%22%2F%3E%3Crect%20width%3D%2266%22%20height%3D%2220%22%20fill%3D%22%23777777%22%20x%3D%22198%22%20y%3D%2280%22%2F%3E%3C%2Fg%3E%3C%2Fsvg%3E\" loading=\"lazy\" data-lazy=\"1\" decoding=\"async\" width=\"265\" height=\"100\" data-tf-src=\"https:\/\/jonathanjuliandiaz.com\/wp-content\/uploads\/2025\/07\/2YouTube.webp\" title=\"2YouTube\" alt=\"2YouTube\"><noscript><img data-tf-not-load data-no-script src=\"https:\/\/jonathanjuliandiaz.com\/wp-content\/uploads\/2025\/07\/2YouTube.webp\" title=\"2YouTube\" alt=\"2YouTube\"><\/noscript> <\/a> <a href=\"http:\/\/instagram.com\/\" > <img src=\"data:image\/svg+xml;charset=UTF-8,%3Csvg%20xmlns%3D%22http%3A%2F%2Fwww.w3.org%2F2000%2Fsvg%22%20width%3D%22265%22%20height%3D%22100%22%3E%3Cg%20fill%3D%22%236e6e6e%22%3E%3Crect%20width%3D%2266%22%20height%3D%2220%22%2F%3E%3Crect%20width%3D%2266%22%20height%3D%2220%22%20x%3D%2266%22%2F%3E%3Crect%20width%3D%2266%22%20height%3D%2220%22%20fill%3D%22%23000000%22%20x%3D%22132%22%2F%3E%3Crect%20width%3D%2266%22%20height%3D%2220%22%20fill%3D%22%23000000%22%20x%3D%22198%22%2F%3E%3Crect%20width%3D%2266%22%20height%3D%2220%22%20fill%3D%22%237d7d7d%22%20y%3D%2220%22%2F%3E%3Crect%20width%3D%2266%22%20height%3D%2220%22%20fill%3D%22%23747474%22%20x%3D%2266%22%20y%3D%2220%22%2F%3E%3Crect%20width%3D%2266%22%20height%3D%2220%22%20fill%3D%22%23000000%22%20x%3D%22132%22%20y%3D%2220%22%2F%3E%3Crect%20width%3D%2266%22%20height%3D%2220%22%20fill%3D%22%23000000%22%20x%3D%22198%22%20y%3D%2220%22%2F%3E%3Crect%20width%3D%2266%22%20height%3D%2220%22%20fill%3D%22%23686868%22%20y%3D%2240%22%2F%3E%3Crect%20width%3D%2266%22%20height%3D%2220%22%20fill%3D%22%23646464%22%20x%3D%2266%22%20y%3D%2240%22%2F%3E%3Crect%20width%3D%2266%22%20height%3D%2220%22%20fill%3D%22%23000000%22%20x%3D%22132%22%20y%3D%2240%22%2F%3E%3Crect%20width%3D%2266%22%20height%3D%2220%22%20fill%3D%22%23000000%22%20x%3D%22198%22%20y%3D%2240%22%2F%3E%3Crect%20width%3D%2266%22%20height%3D%2220%22%20fill%3D%22%23848484%22%20y%3D%2260%22%2F%3E%3Crect%20width%3D%2266%22%20height%3D%2220%22%20fill%3D%22%23070707%22%20x%3D%2266%22%20y%3D%2260%22%2F%3E%3Crect%20width%3D%2266%22%20height%3D%2220%22%20fill%3D%22%23585858%22%20x%3D%22132%22%20y%3D%2260%22%2F%3E%3Crect%20width%3D%2266%22%20height%3D%2220%22%20fill%3D%22%23000000%22%20x%3D%22198%22%20y%3D%2260%22%2F%3E%3Crect%20width%3D%2266%22%20height%3D%2220%22%20fill%3D%22%23a4a4a4%22%20y%3D%2280%22%2F%3E%3Crect%20width%3D%2266%22%20height%3D%2220%22%20fill%3D%22%235f5f5f%22%20x%3D%2266%22%20y%3D%2280%22%2F%3E%3Crect%20width%3D%2266%22%20height%3D%2220%22%20fill%3D%22%23585858%22%20x%3D%22132%22%20y%3D%2280%22%2F%3E%3Crect%20width%3D%2266%22%20height%3D%2220%22%20fill%3D%22%23000000%22%20x%3D%22198%22%20y%3D%2280%22%2F%3E%3C%2Fg%3E%3C%2Fsvg%3E\" loading=\"lazy\" data-lazy=\"1\" decoding=\"async\" width=\"265\" height=\"100\" data-tf-src=\"https:\/\/jonathanjuliandiaz.com\/wp-content\/uploads\/2025\/07\/1Instagram.webp\" title=\"1Instagram\" alt=\"1Instagram\"><noscript><img data-tf-not-load data-no-script src=\"https:\/\/jonathanjuliandiaz.com\/wp-content\/uploads\/2025\/07\/1Instagram.webp\" title=\"1Instagram\" alt=\"1Instagram\"><\/noscript> <\/a> <a href=\"https:\/\/www.facebook.com\/jonathanjulianDiazuribe\" > <img src=\"data:image\/svg+xml;charset=UTF-8,%3Csvg%20xmlns%3D%22http%3A%2F%2Fwww.w3.org%2F2000%2Fsvg%22%20width%3D%22265%22%20height%3D%22100%22%3E%3Cg%20fill%3D%22%23000000%22%3E%3Crect%20width%3D%2266%22%20height%3D%2220%22%2F%3E%3Crect%20width%3D%2266%22%20height%3D%2220%22%20x%3D%2266%22%2F%3E%3Crect%20width%3D%2266%22%20height%3D%2220%22%20x%3D%22132%22%2F%3E%3Crect%20width%3D%2266%22%20height%3D%2220%22%20x%3D%22198%22%2F%3E%3Crect%20width%3D%2266%22%20height%3D%2220%22%20y%3D%2220%22%2F%3E%3Crect%20width%3D%2266%22%20height%3D%2220%22%20x%3D%2266%22%20y%3D%2220%22%2F%3E%3Crect%20width%3D%2266%22%20height%3D%2220%22%20x%3D%22132%22%20y%3D%2220%22%2F%3E%3Crect%20width%3D%2266%22%20height%3D%2220%22%20x%3D%22198%22%20y%3D%2220%22%2F%3E%3Crect%20width%3D%2266%22%20height%3D%2220%22%20y%3D%2240%22%2F%3E%3Crect%20width%3D%2266%22%20height%3D%2220%22%20x%3D%2266%22%20y%3D%2240%22%2F%3E%3Crect%20width%3D%2266%22%20height%3D%2220%22%20x%3D%22132%22%20y%3D%2240%22%2F%3E%3Crect%20width%3D%2266%22%20height%3D%2220%22%20fill%3D%22%23585858%22%20x%3D%22198%22%20y%3D%2240%22%2F%3E%3Crect%20width%3D%2266%22%20height%3D%2220%22%20fill%3D%22%23545454%22%20y%3D%2260%22%2F%3E%3Crect%20width%3D%2266%22%20height%3D%2220%22%20fill%3D%22%238f8f8f%22%20x%3D%2266%22%20y%3D%2260%22%2F%3E%3Crect%20width%3D%2266%22%20height%3D%2220%22%20fill%3D%22%235d5d5d%22%20x%3D%22132%22%20y%3D%2260%22%2F%3E%3Crect%20width%3D%2266%22%20height%3D%2220%22%20fill%3D%22%23585858%22%20x%3D%22198%22%20y%3D%2260%22%2F%3E%3Crect%20width%3D%2266%22%20height%3D%2220%22%20y%3D%2280%22%2F%3E%3Crect%20width%3D%2266%22%20height%3D%2220%22%20fill%3D%22%23585858%22%20x%3D%2266%22%20y%3D%2280%22%2F%3E%3Crect%20width%3D%2266%22%20height%3D%2220%22%20fill%3D%22%23585858%22%20x%3D%22132%22%20y%3D%2280%22%2F%3E%3Crect%20width%3D%2266%22%20height%3D%2220%22%20fill%3D%22%23585858%22%20x%3D%22198%22%20y%3D%2280%22%2F%3E%3C%2Fg%3E%3C%2Fsvg%3E\" loading=\"lazy\" data-lazy=\"1\" decoding=\"async\" width=\"265\" height=\"100\" data-tf-src=\"https:\/\/jonathanjuliandiaz.com\/wp-content\/uploads\/2025\/07\/1facebook.webp\" title=\"1facebook\" alt=\"1facebook\"><noscript><img data-tf-not-load data-no-script src=\"https:\/\/jonathanjuliandiaz.com\/wp-content\/uploads\/2025\/07\/1facebook.webp\" title=\"1facebook\" alt=\"1facebook\"><\/noscript> <\/a>","_links":{"self":[{"href":"https:\/\/jonathanjuliandiaz.com\/index.php?rest_route=\/wp\/v2\/pages\/520","targetHints":{"allow":["GET"]}}],"collection":[{"href":"https:\/\/jonathanjuliandiaz.com\/index.php?rest_route=\/wp\/v2\/pages"}],"about":[{"href":"https:\/\/jonathanjuliandiaz.com\/index.php?rest_route=\/wp\/v2\/types\/page"}],"author":[{"embeddable":true,"href":"https:\/\/jonathanjuliandiaz.com\/index.php?rest_route=\/wp\/v2\/users\/1"}],"replies":[{"embeddable":true,"href":"https:\/\/jonathanjuliandiaz.com\/index.php?rest_route=%2Fwp%2Fv2%2Fcomments&post=520"}],"version-history":[{"count":69,"href":"https:\/\/jonathanjuliandiaz.com\/index.php?rest_route=\/wp\/v2\/pages\/520\/revisions"}],"predecessor-version":[{"id":678,"href":"https:\/\/jonathanjuliandiaz.com\/index.php?rest_route=\/wp\/v2\/pages\/520\/revisions\/678"}],"wp:attachment":[{"href":"https:\/\/jonathanjuliandiaz.com\/index.php?rest_route=%2Fwp%2Fv2%2Fmedia&parent=520"}],"curies":[{"name":"wp","href":"https:\/\/api.w.org\/{rel}","templated":true}]}}